{"id":28,"date":"2025-08-17T20:49:43","date_gmt":"2025-08-17T20:49:43","guid":{"rendered":"https:\/\/proideaeventos.com\/?page_id=28"},"modified":"2025-08-17T20:49:43","modified_gmt":"2025-08-17T20:49:43","slug":"nosotros","status":"publish","type":"page","link":"https:\/\/proideaeventos.com\/index.php\/nosotros\/","title":{"rendered":"Nosotros"},"content":{"rendered":"\n<h3 class=\"wp-block-heading\">\ud83c\udff7\ufe0fPROIDEA<\/h3>\n\n\n\n<hr class=\"wp-block-separator has-alpha-channel-opacity\"\/>\n\n\n\n<h2 class=\"wp-block-heading\">\ud83e\udded <strong>1. Prop\u00f3sito de Marca (Misi\u00f3n):<\/strong><\/h2>\n\n\n\n<blockquote class=\"wp-block-quote is-layout-flow wp-block-quote-is-layout-flow\">\n<p><strong>Convertir ideas en eventos inolvidables, combinando elegancia, estrategia y perfecci\u00f3n en cada detalle.<\/strong><\/p>\n<\/blockquote>\n\n\n\n<hr class=\"wp-block-separator has-alpha-channel-opacity\"\/>\n\n\n\n<h2 class=\"wp-block-heading\">\ud83d\udc41\ufe0f <strong>2. Visi\u00f3n:<\/strong><\/h2>\n\n\n\n<blockquote class=\"wp-block-quote is-layout-flow wp-block-quote-is-layout-flow\">\n<p><strong>Ser la empresa l\u00edder en organizaci\u00f3n de eventos de alto nivel, reconocida por su elegancia, innovaci\u00f3n y excelencia en el servicio.<\/strong><\/p>\n<\/blockquote>\n\n\n\n<hr class=\"wp-block-separator has-alpha-channel-opacity\"\/>\n\n\n\n<h2 class=\"wp-block-heading\">\ud83d\udc8e <strong>3. Valores de Marca:<\/strong><\/h2>\n\n\n\n<ul class=\"wp-block-list\">\n<li><strong>Elegancia sin esfuerzo<\/strong> \u2013 La est\u00e9tica no debe ser complicada.<\/li>\n\n\n\n<li><strong>Profesionalismo impecable<\/strong> \u2013 Siempre con puntualidad, claridad y calidad.<\/li>\n\n\n\n<li><strong>Creatividad funcional<\/strong> \u2013 Ideas hermosas que funcionan a la perfecci\u00f3n.<\/li>\n\n\n\n<li><strong>Atenci\u00f3n personalizada<\/strong> \u2013 Cada cliente, un evento \u00fanico.<\/li>\n\n\n\n<li><strong>Pasi\u00f3n por los detalles<\/strong> \u2013 Porque los peque\u00f1os toques hacen la gran diferencia<\/li>\n<\/ul>\n","protected":false},"excerpt":{"rendered":"<p>\ud83c\udff7\ufe0fPROIDEA \ud83e\udded 1. Prop\u00f3sito de Marca (Misi\u00f3n): Convertir ideas en eventos inolvidables, combinando elegancia, estrategia y perfecci\u00f3n en cada detalle. \ud83d\udc41\ufe0f 2. Visi\u00f3n: Ser la empresa l\u00edder en organizaci\u00f3n de eventos de alto nivel, reconocida por su elegancia, innovaci\u00f3n y excelencia en el servicio. \ud83d\udc8e 3. Valores de Marca:<\/p>\n","protected":false},"author":1,"featured_media":0,"parent":0,"menu_order":0,"comment_status":"closed","ping_status":"closed","template":"","meta":{"footnotes":""},"class_list":["post-28","page","type-page","status-publish","hentry"],"_links":{"self":[{"href":"https:\/\/proideaeventos.com\/index.php\/wp-json\/wp\/v2\/pages\/28","targetHints":{"allow":["GET"]}}],"collection":[{"href":"https:\/\/proideaeventos.com\/index.php\/wp-json\/wp\/v2\/pages"}],"about":[{"href":"https:\/\/proideaeventos.com\/index.php\/wp-json\/wp\/v2\/types\/page"}],"author":[{"embeddable":true,"href":"https:\/\/proideaeventos.com\/index.php\/wp-json\/wp\/v2\/users\/1"}],"replies":[{"embeddable":true,"href":"https:\/\/proideaeventos.com\/index.php\/wp-json\/wp\/v2\/comments?post=28"}],"version-history":[{"count":1,"href":"https:\/\/proideaeventos.com\/index.php\/wp-json\/wp\/v2\/pages\/28\/revisions"}],"predecessor-version":[{"id":29,"href":"https:\/\/proideaeventos.com\/index.php\/wp-json\/wp\/v2\/pages\/28\/revisions\/29"}],"wp:attachment":[{"href":"https:\/\/proideaeventos.com\/index.php\/wp-json\/wp\/v2\/media?parent=28"}],"curies":[{"name":"wp","href":"https:\/\/api.w.org\/{rel}","templated":true}]}}